{"id":311,"date":"2020-04-30T19:29:09","date_gmt":"2020-04-30T17:29:09","guid":{"rendered":"https:\/\/carnets.mylidin.fr\/?page_id=311"},"modified":"2021-09-09T21:15:31","modified_gmt":"2021-09-09T19:15:31","slug":"vitrine","status":"publish","type":"page","link":"https:\/\/carnets.mylidin.fr\/?page_id=311","title":{"rendered":"Anjou"},"content":{"rendered":"\n\t\t<style type=\"text\/css\">\n\t\t\t#gallery-1 {\n\t\t\t\tmargin: auto;\n\t\t\t}\n\t\t\t#gallery-1 .gallery-item {\n\t\t\t\tfloat: left;\n\t\t\t\tmargin-top: 10px;\n\t\t\t\ttext-align: center;\n\t\t\t\twidth: 33%;\n\t\t\t}\n\t\t\t#gallery-1 img {\n\t\t\t\tborder: 2px solid #cfcfcf;\n\t\t\t}\n\t\t\t#gallery-1 .gallery-caption {\n\t\t\t\tmargin-left: 0;\n\t\t\t}\n\t\t\t\/* see gallery_shortcode() in wp-includes\/media.php *\/\n\t\t<\/style>\n\t\t<div id='gallery-1' class='gallery galleryid-311 gallery-columns-3 gallery-size-thumbnail'><dl class='gallery-item'>\n\t\t\t<dt class='gallery-icon landscape'>\n\t\t\t\t<a href='https:\/\/carnets.mylidin.fr\/?attachment_id=313'><img loading=\"lazy\" decoding=\"async\" width=\"150\" height=\"150\" src=\"https:\/\/carnets.mylidin.fr\/wp-content\/uploads\/sites\/3\/2020\/04\/WP_20180513_15_28_00_s-150x150.jpg\" class=\"attachment-thumbnail size-thumbnail\" alt=\"\" aria-describedby=\"gallery-1-313\" srcset=\"https:\/\/carnets.mylidin.fr\/wp-content\/uploads\/sites\/3\/2020\/04\/WP_20180513_15_28_00_s-150x150.jpg 150w, https:\/\/carnets.mylidin.fr\/wp-content\/uploads\/sites\/3\/2020\/04\/WP_20180513_15_28_00_s-640x640.jpg 640w\" sizes=\"auto, (max-width: 150px) 100vw, 150px\" \/><\/a>\n\t\t\t<\/dt>\n\t\t\t\t<dd class='wp-caption-text gallery-caption' id='gallery-1-313'>\n\t\t\t\tVall\u00e9e de la Tr\u00e9zenne, Boissi\u00e8re-sur-Evre\n\t\t\t\t<\/dd><\/dl><dl class='gallery-item'>\n\t\t\t<dt class='gallery-icon landscape'>\n\t\t\t\t<a href='https:\/\/carnets.mylidin.fr\/?attachment_id=314'><img loading=\"lazy\" decoding=\"async\" width=\"150\" height=\"150\" src=\"https:\/\/carnets.mylidin.fr\/wp-content\/uploads\/sites\/3\/2020\/04\/WP_20180513_15_30_29_s-150x150.jpg\" class=\"attachment-thumbnail size-thumbnail\" alt=\"\" aria-describedby=\"gallery-1-314\" srcset=\"https:\/\/carnets.mylidin.fr\/wp-content\/uploads\/sites\/3\/2020\/04\/WP_20180513_15_30_29_s-150x150.jpg 150w, https:\/\/carnets.mylidin.fr\/wp-content\/uploads\/sites\/3\/2020\/04\/WP_20180513_15_30_29_s-640x640.jpg 640w\" sizes=\"auto, (max-width: 150px) 100vw, 150px\" \/><\/a>\n\t\t\t<\/dt>\n\t\t\t\t<dd class='wp-caption-text gallery-caption' id='gallery-1-314'>\n\t\t\t\tVall\u00e9e de la Tr\u00e9zenne, Boissi\u00e8re-sur-Evre\n\t\t\t\t<\/dd><\/dl><dl class='gallery-item'>\n\t\t\t<dt class='gallery-icon landscape'>\n\t\t\t\t<a href='https:\/\/carnets.mylidin.fr\/?attachment_id=315'><img loading=\"lazy\" decoding=\"async\" width=\"150\" height=\"150\" src=\"https:\/\/carnets.mylidin.fr\/wp-content\/uploads\/sites\/3\/2020\/04\/WP_20180513_17_22_03_s-150x150.jpg\" class=\"attachment-thumbnail size-thumbnail\" alt=\"\" aria-describedby=\"gallery-1-315\" srcset=\"https:\/\/carnets.mylidin.fr\/wp-content\/uploads\/sites\/3\/2020\/04\/WP_20180513_17_22_03_s-150x150.jpg 150w, https:\/\/carnets.mylidin.fr\/wp-content\/uploads\/sites\/3\/2020\/04\/WP_20180513_17_22_03_s-640x640.jpg 640w\" sizes=\"auto, (max-width: 150px) 100vw, 150px\" \/><\/a>\n\t\t\t<\/dt>\n\t\t\t\t<dd class='wp-caption-text gallery-caption' id='gallery-1-315'>\n\t\t\t\tAu dessus de Boissi\u00e8re-sur-Evre\n\t\t\t\t<\/dd><\/dl><br style=\"clear: both\" \/><dl class='gallery-item'>\n\t\t\t<dt class='gallery-icon landscape'>\n\t\t\t\t<a href='https:\/\/carnets.mylidin.fr\/?attachment_id=316'><img loading=\"lazy\" decoding=\"async\" width=\"150\" height=\"150\" src=\"https:\/\/carnets.mylidin.fr\/wp-content\/uploads\/sites\/3\/2020\/04\/WP_20180513_17_45_11_s-150x150.jpg\" class=\"attachment-thumbnail size-thumbnail\" alt=\"\" aria-describedby=\"gallery-1-316\" srcset=\"https:\/\/carnets.mylidin.fr\/wp-content\/uploads\/sites\/3\/2020\/04\/WP_20180513_17_45_11_s-150x150.jpg 150w, https:\/\/carnets.mylidin.fr\/wp-content\/uploads\/sites\/3\/2020\/04\/WP_20180513_17_45_11_s-640x640.jpg 640w\" sizes=\"auto, (max-width: 150px) 100vw, 150px\" \/><\/a>\n\t\t\t<\/dt>\n\t\t\t\t<dd class='wp-caption-text gallery-caption' id='gallery-1-316'>\n\t\t\t\tVall\u00e9e de l&rsquo;Evre, Boissi\u00e8re-sur-Evre\n\t\t\t\t<\/dd><\/dl><dl class='gallery-item'>\n\t\t\t<dt class='gallery-icon landscape'>\n\t\t\t\t<a href='https:\/\/carnets.mylidin.fr\/?attachment_id=317'><img loading=\"lazy\" decoding=\"async\" width=\"150\" height=\"150\" src=\"https:\/\/carnets.mylidin.fr\/wp-content\/uploads\/sites\/3\/2020\/04\/WP_20180513_17_53_51_s-150x150.jpg\" class=\"attachment-thumbnail size-thumbnail\" alt=\"\" aria-describedby=\"gallery-1-317\" srcset=\"https:\/\/carnets.mylidin.fr\/wp-content\/uploads\/sites\/3\/2020\/04\/WP_20180513_17_53_51_s-150x150.jpg 150w, https:\/\/carnets.mylidin.fr\/wp-content\/uploads\/sites\/3\/2020\/04\/WP_20180513_17_53_51_s-640x640.jpg 640w\" sizes=\"auto, (max-width: 150px) 100vw, 150px\" \/><\/a>\n\t\t\t<\/dt>\n\t\t\t\t<dd class='wp-caption-text gallery-caption' id='gallery-1-317'>\n\t\t\t\tVall\u00e9e de l&rsquo;Evre, Boissi\u00e8re-sur-Evre\n\t\t\t\t<\/dd><\/dl><dl class='gallery-item'>\n\t\t\t<dt class='gallery-icon landscape'>\n\t\t\t\t<a href='https:\/\/carnets.mylidin.fr\/?attachment_id=318'><img loading=\"lazy\" decoding=\"async\" width=\"150\" height=\"150\" src=\"https:\/\/carnets.mylidin.fr\/wp-content\/uploads\/sites\/3\/2020\/04\/WP_20170917_15_55_34_Pro-150x150.jpg\" class=\"attachment-thumbnail size-thumbnail\" alt=\"\" aria-describedby=\"gallery-1-318\" srcset=\"https:\/\/carnets.mylidin.fr\/wp-content\/uploads\/sites\/3\/2020\/04\/WP_20170917_15_55_34_Pro-150x150.jpg 150w, https:\/\/carnets.mylidin.fr\/wp-content\/uploads\/sites\/3\/2020\/04\/WP_20170917_15_55_34_Pro-640x640.jpg 640w\" sizes=\"auto, (max-width: 150px) 100vw, 150px\" \/><\/a>\n\t\t\t<\/dt>\n\t\t\t\t<dd class='wp-caption-text gallery-caption' id='gallery-1-318'>\n\t\t\t\t Vue du Prieur\u00e9, Saint-Georges-des-Sept-Voies, octobre 2017\n\t\t\t\t<\/dd><\/dl><br style=\"clear: both\" \/><dl class='gallery-item'>\n\t\t\t<dt class='gallery-icon landscape'>\n\t\t\t\t<a href='https:\/\/carnets.mylidin.fr\/?attachment_id=319'><img loading=\"lazy\" decoding=\"async\" width=\"150\" height=\"150\" src=\"https:\/\/carnets.mylidin.fr\/wp-content\/uploads\/sites\/3\/2020\/04\/WP_20171030_17_07_19_Pro-150x150.jpg\" class=\"attachment-thumbnail size-thumbnail\" alt=\"\" aria-describedby=\"gallery-1-319\" srcset=\"https:\/\/carnets.mylidin.fr\/wp-content\/uploads\/sites\/3\/2020\/04\/WP_20171030_17_07_19_Pro-150x150.jpg 150w, https:\/\/carnets.mylidin.fr\/wp-content\/uploads\/sites\/3\/2020\/04\/WP_20171030_17_07_19_Pro-640x640.jpg 640w\" sizes=\"auto, (max-width: 150px) 100vw, 150px\" \/><\/a>\n\t\t\t<\/dt>\n\t\t\t\t<dd class='wp-caption-text gallery-caption' id='gallery-1-319'>\n\t\t\t\tBords de Loire, La Pointe, novembre 2017\n\t\t\t\t<\/dd><\/dl><dl class='gallery-item'>\n\t\t\t<dt class='gallery-icon landscape'>\n\t\t\t\t<a href='https:\/\/carnets.mylidin.fr\/?attachment_id=320'><img loading=\"lazy\" decoding=\"async\" width=\"150\" height=\"150\" src=\"https:\/\/carnets.mylidin.fr\/wp-content\/uploads\/sites\/3\/2020\/04\/WP_20171030_17_16_01_Pro-150x150.jpg\" class=\"attachment-thumbnail size-thumbnail\" alt=\"\" aria-describedby=\"gallery-1-320\" srcset=\"https:\/\/carnets.mylidin.fr\/wp-content\/uploads\/sites\/3\/2020\/04\/WP_20171030_17_16_01_Pro-150x150.jpg 150w, https:\/\/carnets.mylidin.fr\/wp-content\/uploads\/sites\/3\/2020\/04\/WP_20171030_17_16_01_Pro-640x640.jpg 640w\" sizes=\"auto, (max-width: 150px) 100vw, 150px\" \/><\/a>\n\t\t\t<\/dt>\n\t\t\t\t<dd class='wp-caption-text gallery-caption' id='gallery-1-320'>\n\t\t\t\tBords de Loire, La Pointe, novembre 2017\n\t\t\t\t<\/dd><\/dl><dl class='gallery-item'>\n\t\t\t<dt class='gallery-icon landscape'>\n\t\t\t\t<a href='https:\/\/carnets.mylidin.fr\/?attachment_id=321'><img loading=\"lazy\" decoding=\"async\" width=\"150\" height=\"150\" src=\"https:\/\/carnets.mylidin.fr\/wp-content\/uploads\/sites\/3\/2020\/04\/WP_20171102_08_52_31_Pro_s-150x150.jpg\" class=\"attachment-thumbnail size-thumbnail\" alt=\"\" aria-describedby=\"gallery-1-321\" srcset=\"https:\/\/carnets.mylidin.fr\/wp-content\/uploads\/sites\/3\/2020\/04\/WP_20171102_08_52_31_Pro_s-150x150.jpg 150w, https:\/\/carnets.mylidin.fr\/wp-content\/uploads\/sites\/3\/2020\/04\/WP_20171102_08_52_31_Pro_s-300x300.jpg 300w, https:\/\/carnets.mylidin.fr\/wp-content\/uploads\/sites\/3\/2020\/04\/WP_20171102_08_52_31_Pro_s-768x768.jpg 768w, https:\/\/carnets.mylidin.fr\/wp-content\/uploads\/sites\/3\/2020\/04\/WP_20171102_08_52_31_Pro_s-640x640.jpg 640w, https:\/\/carnets.mylidin.fr\/wp-content\/uploads\/sites\/3\/2020\/04\/WP_20171102_08_52_31_Pro_s.jpg 892w\" sizes=\"auto, (max-width: 150px) 100vw, 150px\" \/><\/a>\n\t\t\t<\/dt>\n\t\t\t\t<dd class='wp-caption-text gallery-caption' id='gallery-1-321'>\n\t\t\t\tAngers, quartier la Roseraie\n\t\t\t\t<\/dd><\/dl><br style=\"clear: both\" \/>\n\t\t<\/div>\n\n","protected":false},"excerpt":{"rendered":"","protected":false},"author":2,"featured_media":313,"parent":0,"menu_order":0,"comment_status":"closed","ping_status":"closed","template":"template-slideshow-gallery.php","meta":{"footnotes":""},"class_list":["post-311","page","type-page","status-publish","has-post-thumbnail","hentry"],"yoast_head":"<!-- This site is optimized with the Yoast SEO plugin v25.5 - https:\/\/yoast.com\/wordpress\/plugins\/seo\/ -->\n<title>Anjou - Carnets photographiques<\/title>\n<meta name=\"robots\" content=\"index, follow, max-snippet:-1, max-image-preview:large, max-video-preview:-1\" \/>\n<link rel=\"canonical\" href=\"https:\/\/carnets.mylidin.fr\/?page_id=311\" \/>\n<meta property=\"og:locale\" content=\"fr_FR\" \/>\n<meta property=\"og:type\" content=\"article\" \/>\n<meta property=\"og:title\" content=\"Anjou - Carnets photographiques\" \/>\n<meta property=\"og:url\" content=\"https:\/\/carnets.mylidin.fr\/?page_id=311\" \/>\n<meta property=\"og:site_name\" content=\"Carnets photographiques\" \/>\n<meta property=\"article:modified_time\" content=\"2021-09-09T19:15:31+00:00\" \/>\n<meta property=\"og:image\" content=\"https:\/\/carnets.mylidin.fr\/wp-content\/uploads\/sites\/3\/2020\/04\/WP_20180513_15_28_00_s.jpg\" \/>\n\t<meta property=\"og:image:width\" content=\"1248\" \/>\n\t<meta property=\"og:image:height\" content=\"936\" \/>\n\t<meta property=\"og:image:type\" content=\"image\/jpeg\" \/>\n<meta name=\"twitter:card\" content=\"summary_large_image\" \/>\n<script type=\"application\/ld+json\" class=\"yoast-schema-graph\">{\"@context\":\"https:\/\/schema.org\",\"@graph\":[{\"@type\":\"WebPage\",\"@id\":\"https:\/\/carnets.mylidin.fr\/?page_id=311\",\"url\":\"https:\/\/carnets.mylidin.fr\/?page_id=311\",\"name\":\"Anjou - Carnets photographiques\",\"isPartOf\":{\"@id\":\"https:\/\/carnets.mylidin.fr\/#website\"},\"primaryImageOfPage\":{\"@id\":\"https:\/\/carnets.mylidin.fr\/?page_id=311#primaryimage\"},\"image\":{\"@id\":\"https:\/\/carnets.mylidin.fr\/?page_id=311#primaryimage\"},\"thumbnailUrl\":\"https:\/\/carnets.mylidin.fr\/wp-content\/uploads\/sites\/3\/2020\/04\/WP_20180513_15_28_00_s.jpg\",\"datePublished\":\"2020-04-30T17:29:09+00:00\",\"dateModified\":\"2021-09-09T19:15:31+00:00\",\"breadcrumb\":{\"@id\":\"https:\/\/carnets.mylidin.fr\/?page_id=311#breadcrumb\"},\"inLanguage\":\"fr-FR\",\"potentialAction\":[{\"@type\":\"ReadAction\",\"target\":[\"https:\/\/carnets.mylidin.fr\/?page_id=311\"]}]},{\"@type\":\"ImageObject\",\"inLanguage\":\"fr-FR\",\"@id\":\"https:\/\/carnets.mylidin.fr\/?page_id=311#primaryimage\",\"url\":\"https:\/\/carnets.mylidin.fr\/wp-content\/uploads\/sites\/3\/2020\/04\/WP_20180513_15_28_00_s.jpg\",\"contentUrl\":\"https:\/\/carnets.mylidin.fr\/wp-content\/uploads\/sites\/3\/2020\/04\/WP_20180513_15_28_00_s.jpg\",\"width\":1248,\"height\":936,\"caption\":\"Vall\u00e9e de la Tr\u00e9zenne, Boissi\u00e8re-sur-Evre\"},{\"@type\":\"BreadcrumbList\",\"@id\":\"https:\/\/carnets.mylidin.fr\/?page_id=311#breadcrumb\",\"itemListElement\":[{\"@type\":\"ListItem\",\"position\":1,\"name\":\"Accueil\",\"item\":\"https:\/\/carnets.mylidin.fr\/\"},{\"@type\":\"ListItem\",\"position\":2,\"name\":\"Anjou\"}]},{\"@type\":\"WebSite\",\"@id\":\"https:\/\/carnets.mylidin.fr\/#website\",\"url\":\"https:\/\/carnets.mylidin.fr\/\",\"name\":\"Carnets photographiques\",\"description\":\"Gr\u00e9gory Lidin\",\"potentialAction\":[{\"@type\":\"SearchAction\",\"target\":{\"@type\":\"EntryPoint\",\"urlTemplate\":\"https:\/\/carnets.mylidin.fr\/?s={search_term_string}\"},\"query-input\":{\"@type\":\"PropertyValueSpecification\",\"valueRequired\":true,\"valueName\":\"search_term_string\"}}],\"inLanguage\":\"fr-FR\"}]}<\/script>\n<!-- \/ Yoast SEO plugin. -->","yoast_head_json":{"title":"Anjou - Carnets photographiques","robots":{"index":"index","follow":"follow","max-snippet":"max-snippet:-1","max-image-preview":"max-image-preview:large","max-video-preview":"max-video-preview:-1"},"canonical":"https:\/\/carnets.mylidin.fr\/?page_id=311","og_locale":"fr_FR","og_type":"article","og_title":"Anjou - Carnets photographiques","og_url":"https:\/\/carnets.mylidin.fr\/?page_id=311","og_site_name":"Carnets photographiques","article_modified_time":"2021-09-09T19:15:31+00:00","og_image":[{"width":1248,"height":936,"url":"https:\/\/carnets.mylidin.fr\/wp-content\/uploads\/sites\/3\/2020\/04\/WP_20180513_15_28_00_s.jpg","type":"image\/jpeg"}],"twitter_card":"summary_large_image","schema":{"@context":"https:\/\/schema.org","@graph":[{"@type":"WebPage","@id":"https:\/\/carnets.mylidin.fr\/?page_id=311","url":"https:\/\/carnets.mylidin.fr\/?page_id=311","name":"Anjou - Carnets photographiques","isPartOf":{"@id":"https:\/\/carnets.mylidin.fr\/#website"},"primaryImageOfPage":{"@id":"https:\/\/carnets.mylidin.fr\/?page_id=311#primaryimage"},"image":{"@id":"https:\/\/carnets.mylidin.fr\/?page_id=311#primaryimage"},"thumbnailUrl":"https:\/\/carnets.mylidin.fr\/wp-content\/uploads\/sites\/3\/2020\/04\/WP_20180513_15_28_00_s.jpg","datePublished":"2020-04-30T17:29:09+00:00","dateModified":"2021-09-09T19:15:31+00:00","breadcrumb":{"@id":"https:\/\/carnets.mylidin.fr\/?page_id=311#breadcrumb"},"inLanguage":"fr-FR","potentialAction":[{"@type":"ReadAction","target":["https:\/\/carnets.mylidin.fr\/?page_id=311"]}]},{"@type":"ImageObject","inLanguage":"fr-FR","@id":"https:\/\/carnets.mylidin.fr\/?page_id=311#primaryimage","url":"https:\/\/carnets.mylidin.fr\/wp-content\/uploads\/sites\/3\/2020\/04\/WP_20180513_15_28_00_s.jpg","contentUrl":"https:\/\/carnets.mylidin.fr\/wp-content\/uploads\/sites\/3\/2020\/04\/WP_20180513_15_28_00_s.jpg","width":1248,"height":936,"caption":"Vall\u00e9e de la Tr\u00e9zenne, Boissi\u00e8re-sur-Evre"},{"@type":"BreadcrumbList","@id":"https:\/\/carnets.mylidin.fr\/?page_id=311#breadcrumb","itemListElement":[{"@type":"ListItem","position":1,"name":"Accueil","item":"https:\/\/carnets.mylidin.fr\/"},{"@type":"ListItem","position":2,"name":"Anjou"}]},{"@type":"WebSite","@id":"https:\/\/carnets.mylidin.fr\/#website","url":"https:\/\/carnets.mylidin.fr\/","name":"Carnets photographiques","description":"Gr\u00e9gory Lidin","potentialAction":[{"@type":"SearchAction","target":{"@type":"EntryPoint","urlTemplate":"https:\/\/carnets.mylidin.fr\/?s={search_term_string}"},"query-input":{"@type":"PropertyValueSpecification","valueRequired":true,"valueName":"search_term_string"}}],"inLanguage":"fr-FR"}]}},"_links":{"self":[{"href":"https:\/\/carnets.mylidin.fr\/index.php?rest_route=\/wp\/v2\/pages\/311","targetHints":{"allow":["GET"]}}],"collection":[{"href":"https:\/\/carnets.mylidin.fr\/index.php?rest_route=\/wp\/v2\/pages"}],"about":[{"href":"https:\/\/carnets.mylidin.fr\/index.php?rest_route=\/wp\/v2\/types\/page"}],"author":[{"embeddable":true,"href":"https:\/\/carnets.mylidin.fr\/index.php?rest_route=\/wp\/v2\/users\/2"}],"replies":[{"embeddable":true,"href":"https:\/\/carnets.mylidin.fr\/index.php?rest_route=%2Fwp%2Fv2%2Fcomments&post=311"}],"version-history":[{"count":2,"href":"https:\/\/carnets.mylidin.fr\/index.php?rest_route=\/wp\/v2\/pages\/311\/revisions"}],"predecessor-version":[{"id":582,"href":"https:\/\/carnets.mylidin.fr\/index.php?rest_route=\/wp\/v2\/pages\/311\/revisions\/582"}],"wp:featuredmedia":[{"embeddable":true,"href":"https:\/\/carnets.mylidin.fr\/index.php?rest_route=\/wp\/v2\/media\/313"}],"wp:attachment":[{"href":"https:\/\/carnets.mylidin.fr\/index.php?rest_route=%2Fwp%2Fv2%2Fmedia&parent=311"}],"curies":[{"name":"wp","href":"https:\/\/api.w.org\/{rel}","templated":true}]}}